{"id":59104,"date":"2026-01-21T13:12:54","date_gmt":"2026-01-21T13:12:54","guid":{"rendered":"http:\/\/www.demoweb.calisto.link\/v2\/wishlist\/"},"modified":"2026-04-03T15:31:43","modified_gmt":"2026-04-03T15:31:43","slug":"wishlist","status":"publish","type":"page","link":"https:\/\/herstella.nl\/en\/wishlist\/","title":{"rendered":"\u0130stek Listesi"},"content":{"rendered":"<div data-elementor-type=\"wp-page\" data-elementor-id=\"59104\" class=\"elementor elementor-59104\">\n\t\t\t\t<div class=\"elementor-element elementor-element-f59ff99 e-flex e-con-boxed cmsmasters-block-default e-con e-parent\" data-id=\"f59ff99\" data-element_type=\"container\" data-e-type=\"container\">\n\t\t\t\t\t<div class=\"e-con-inner\">\n\t\t\t\t<div class=\"elementor-element elementor-element-974ffab cmsmasters-block-default cmsmasters-sticky-default elementor-widget elementor-widget-spacer\" data-id=\"974ffab\" data-element_type=\"widget\" data-e-type=\"widget\" data-widget_type=\"spacer.default\">\n\t\t\t\t\t\t\t<div class=\"elementor-spacer\">\n\t\t\t<div class=\"elementor-spacer-inner\"><\/div>\n\t\t<\/div>\n\t\t\t\t\t\t<\/div>\n\t\t\t\t<div class=\"elementor-element elementor-element-f65078f cmsmasters-block-default cmsmasters-sticky-default elementor-widget elementor-widget-html\" data-id=\"f65078f\" data-element_type=\"widget\" data-e-type=\"widget\" data-widget_type=\"html.default\">\n\t\t\t\t\t<style>\n\/* ============================================================\n   HERSTELLA PREMIUM WISHLIST FULL STYLES\n   Font: Public Sans | Colors: Dark Olive Green (#1C3A13)\n============================================================ *\/\n\n\/* 1. GENEL AYARLAR (FONT & TABLO YAPISI) *\/\n.rtsb-wishlist-table, \n.rtsb-wishlist-table * {\n    font-family: 'Public Sans', -apple-system, BlinkMacSystemFont, \"Segoe UI\", Roboto, sans-serif !important;\n    -webkit-font-smoothing: antialiased;\n}\n\n.rtsb-wishlist-table {\n    width: 100% !important;\n    border-collapse: separate !important;\n    border-spacing: 0 16px !important;\n    margin-bottom: 30px !important;\n}\n\n\/* 2. BA\u015eLIK ALANI (THEAD) *\/\n.rtsb-wishlist-table thead tr {\n    background-color: #1C3A13 !important; \/* Herstella Koyu Ye\u015fil *\/\n}\n\n.rtsb-wishlist-table thead th {\n    color: #ffffff !important;\n    font-size: 13px !important;\n    font-weight: 600 !important;\n    letter-spacing: 0.08em !important;\n    text-transform: uppercase !important;\n    padding: 20px !important;\n    border: none !important;\n    text-align: center !important;\n}\n\n.rtsb-wishlist-table thead th:first-child { \n    border-radius: 12px 0 0 12px !important; \n    text-align: left !important;\n    padding-left: 25px !important;\n}\n.rtsb-wishlist-table thead th:last-child { \n    border-radius: 0 12px 12px 0 !important; \n}\n\n\/* 3. SATIRLAR (BODY) *\/\n.rtsb-wl-product td {\n    background-color: #ffffff !important;\n    padding: 25px 20px !important;\n    vertical-align: middle !important;\n    text-align: center !important;\n    border-top: 1px solid rgba(28, 58, 19, 0.08) !important;\n    border-bottom: 1px solid rgba(28, 58, 19, 0.08) !important;\n    color: #1C3A13 !important;\n}\n\n.rtsb-wl-product td:first-child { \n    border-left: 1px solid rgba(28, 58, 19, 0.08) !important;\n    border-radius: 12px 0 0 12px !important; \n    text-align: left !important;\n    padding-left: 25px !important;\n}\n\n.rtsb-wl-product td:last-child { \n    border-right: 1px solid rgba(28, 58, 19, 0.08) !important;\n    border-radius: 0 12px 12px 0 !important; \n}\n\n\/* \u00dcr\u00fcn \u0130smi & G\u00f6rsel *\/\n.rtsb-wl-product-info img {\n    border-radius: 8px !important;\n    border: 1px solid rgba(28, 58, 19, 0.05) !important;\n}\n\n.rtsb-wl-product-info a {\n    color: #1C3A13 !important;\n    text-decoration: none !important;\n    font-weight: 600 !important;\n    font-size: 16px !important;\n}\n\n\/* 4. STOK DURUMU (OLIVE GREEN) *\/\n.stock.in-stock {\n    color: #4A5D23 !important; \/* Olive Green *\/\n    font-weight: 600 !important;\n    background-color: rgba(74, 93, 35, 0.1) !important;\n    padding: 6px 14px !important;\n    border-radius: 50px !important;\n    font-size: 13px !important;\n}\n\n\/* 5. SEPETE EKLE BUTONU (PILL SHAPE) *\/\n.rtsb-wl-product-add_to_cart a.button {\n    background-color: #1C3A13 !important;\n    color: #ffffff !important;\n    border-radius: 50px !important;\n    padding: 12px 24px !important;\n    font-size: 14px !important;\n    font-weight: 600 !important;\n    text-transform: none !important;\n    transition: all 0.3s ease !important;\n    border: 1px solid #1C3A13 !important;\n    display: inline-flex !important;\n}\n\n.rtsb-wl-product-add_to_cart a.button:hover {\n    background-color: transparent !important;\n    color: #1C3A13 !important;\n}\n\n\/* 6. S\u0130LME \u0130KONU (X VEYA TRASH - SVG \u00c7\u00d6Z\u00dcM\u00dc) *\/\n.rtsb-wishlist-remove i {\n    display: none !important; \/* Kare g\u00f6r\u00fcnmesine sebep olan eski ikonu gizle *\/\n}\n\n.rtsb-wishlist-remove {\n    width: 38px !important;\n    height: 38px !important;\n    display: inline-flex !important;\n    align-items: center !important;\n    justify-content: center !important;\n    background-color: rgba(28, 58, 19, 0.05) !important;\n    border-radius: 50% !important;\n    transition: all 0.3s ease !important;\n    color: #1C3A13 !important;\n    border: none !important;\n}\n\n\/* Buradaki SVG kodunu X yapmak istersen URL'yi de\u011fi\u015ftirmen yeterli *\/\n.rtsb-wishlist-remove::before {\n    content: \"\";\n    width: 16px;\n    height: 16px;\n    background-color: currentColor;\n    display: block;\n    -webkit-mask: url(\"data:image\/svg+xml;utf8,<svg xmlns='http:\/\/www.w3.org\/2000\/svg' viewBox='0 0 24 24' fill='none' stroke='black' stroke-width='2' stroke-linecap='round' stroke-linejoin='round'><line x1='18' y1='6' x2='6' y2='18'><\/line><line x1='6' y1='6' x2='18' y2='18'><\/line><\/svg>\") no-repeat center;\n    mask: url(\"data:image\/svg+xml;utf8,<svg xmlns='http:\/\/www.w3.org\/2000\/svg' viewBox='0 0 24 24' fill='none' stroke='black' stroke-width='2' stroke-linecap='round' stroke-linejoin='round'><line x1='18' y1='6' x2='6' y2='18'><\/line><line x1='6' y1='6' x2='18' y2='18'><\/line><\/svg>\") no-repeat center;\n}\n\n.rtsb-wishlist-remove:hover {\n    background-color: #BA3D3D !important; \/* Silme k\u0131rm\u0131z\u0131s\u0131 *\/\n    color: #ffffff !important;\n    transform: rotate(90deg);\n}\n\n\/* 7. MOB\u0130L UYUMLULUK (RESPONSIVE) *\/\n@media (max-width: 768px) {\n    .rtsb-wishlist-table, .rtsb-wishlist-table tbody, .rtsb-wishlist-table tr, .rtsb-wishlist-table td {\n        display: block !important;\n        width: 100% !important;\n    }\n\n    .rtsb-wishlist-table thead { display: none !important; }\n\n    .rtsb-wl-product {\n        background-color: #ffffff !important;\n        border: 1px solid rgba(28, 58, 19, 0.12) !important;\n        border-radius: 20px !important;\n        margin-bottom: 20px !important;\n        padding: 20px !important;\n        position: relative !important;\n        box-shadow: 0 4px 12px rgba(0,0,0,0.03) !important;\n    }\n\n    .rtsb-wl-product td {\n        border: none !important;\n        padding: 8px 0 !important;\n        text-align: left !important;\n    }\n\n    \/* Mobilde Silme \u0130konunu Sa\u011f \u00dcste Sabitle *\/\n    .rtsb-wishlist-remove {\n        position: absolute !important;\n        top: 15px !important;\n        right: 15px !important;\n        width: 32px !important;\n        height: 32px !important;\n    }\n\n    \/* Mobilde Sepete Ekle Butonu Tam Geni\u015flik *\/\n    .rtsb-wl-product-add_to_cart {\n        border-top: 1px solid rgba(0,0,0,0.05) !important;\n        margin-top: 10px !important;\n        padding-top: 15px !important;\n    }\n\n    .rtsb-wl-product-add_to_cart a.button {\n        width: 100% !important;\n        justify-content: center !important;\n    }\n\n    .rtsb-wl-product-info .rtsb-wl-td-wrapper {\n        display: flex !important;\n        align-items: center !important;\n        gap: 15px !important;\n    }\n\n    .rtsb-wl-product-info img {\n        width: 80px !important;\n        height: 80px !important;\n    }\n}\n<\/style>\t\t\t\t<\/div>\n\t\t\t\t\t<\/div>\n\t\t\t\t<\/div>\n\t\t<div class=\"elementor-element elementor-element-1f0f927 e-flex e-con-boxed cmsmasters-block-default e-con e-parent\" data-id=\"1f0f927\" data-element_type=\"container\" data-e-type=\"container\">\n\t\t\t\t\t<div class=\"e-con-inner\">\n\t\t\t\t<div class=\"elementor-element elementor-element-85d62f2 cmsmasters-block-default cmsmasters-sticky-default elementor-widget elementor-widget-rtsb-wishlist\" data-id=\"85d62f2\" data-element_type=\"widget\" data-e-type=\"widget\" data-widget_type=\"rtsb-wishlist.default\">\n\t\t\t\t<div class=\"elementor-widget-container\">\n\t\t\t\t\t\n\n<div class=\"rtsb-wishlist-content\">\n    <table class=\"rtsb-wishlist-table\">\n        <thead>\n\t\t<tr><th class=\"rtsb-wl-product-info\">Products<\/th><th class=\"rtsb-wl-product-price\">Price<\/th><th class=\"rtsb-wl-product-availability\">Availability<\/th><th class=\"rtsb-wl-product-add_to_cart\">Add To Cart<\/th><th class=\"rtsb-wl-product-remove\"><i class=\"rtsb-icon rtsb-icon-trash-empty\"><\/i><\/th><\/tr>        <\/thead>\n        <tbody>\n\t\t            <tr>\n                <td class=\"rtsb-wl-empty-text\" colspan=\"5\">\n\t\t\t\t\tNo product found at your wishlist.                <\/td>\n            <\/tr>\n\t\t        <\/tbody>\n    <\/table>\n<\/div>\n\t\t\t\t<\/div>\n\t\t\t\t<\/div>\n\t\t\t\t\t<\/div>\n\t\t\t\t<\/div>\n\t\t\t\t<\/div>","protected":false},"excerpt":{"rendered":"<p>Products Price Availability Add To Cart Magnesium Complex &euro;29.95 In stock Sepete Ekle Probiotica &euro;24.95 In stock Sepete Ekle Bromelaine &euro;29.95 In stock Sepete Ekle No product found at your wishlist.<\/p>","protected":false},"author":1,"featured_media":0,"parent":0,"menu_order":0,"comment_status":"closed","ping_status":"closed","template":"","meta":{"_acf_changed":false,"footnotes":""},"class_list":["post-59104","page","type-page","status-publish","hentry"],"acf":[],"_links":{"self":[{"href":"https:\/\/herstella.nl\/en\/wp-json\/wp\/v2\/pages\/59104","targetHints":{"allow":["GET"]}}],"collection":[{"href":"https:\/\/herstella.nl\/en\/wp-json\/wp\/v2\/pages"}],"about":[{"href":"https:\/\/herstella.nl\/en\/wp-json\/wp\/v2\/types\/page"}],"author":[{"embeddable":true,"href":"https:\/\/herstella.nl\/en\/wp-json\/wp\/v2\/users\/1"}],"replies":[{"embeddable":true,"href":"https:\/\/herstella.nl\/en\/wp-json\/wp\/v2\/comments?post=59104"}],"version-history":[{"count":54,"href":"https:\/\/herstella.nl\/en\/wp-json\/wp\/v2\/pages\/59104\/revisions"}],"predecessor-version":[{"id":61595,"href":"https:\/\/herstella.nl\/en\/wp-json\/wp\/v2\/pages\/59104\/revisions\/61595"}],"wp:attachment":[{"href":"https:\/\/herstella.nl\/en\/wp-json\/wp\/v2\/media?parent=59104"}],"curies":[{"name":"wp","href":"https:\/\/api.w.org\/{rel}","templated":true}]}}