{"id":59569,"date":"2026-01-26T11:58:38","date_gmt":"2026-01-26T11:58:38","guid":{"rendered":"http:\/\/www.demoweb.calisto.link\/v2\/?page_id=59569"},"modified":"2026-01-26T13:43:07","modified_gmt":"2026-01-26T13:43:07","slug":"register","status":"publish","type":"page","link":"https:\/\/herstella.nl\/en\/register\/","title":{"rendered":"Register"},"content":{"rendered":"<div data-elementor-type=\"wp-page\" data-elementor-id=\"59569\" class=\"elementor elementor-59569\">\n\t\t\t\t<div class=\"elementor-element elementor-element-b242e81 e-flex e-con-boxed cmsmasters-block-default e-con e-parent\" data-id=\"b242e81\" data-element_type=\"container\" data-e-type=\"container\">\n\t\t\t\t\t<div class=\"e-con-inner\">\n\t\t\t\t<div class=\"elementor-element elementor-element-6d0aea2 cmsmasters-block-default cmsmasters-sticky-default elementor-widget elementor-widget-heading\" data-id=\"6d0aea2\" data-element_type=\"widget\" data-e-type=\"widget\" data-widget_type=\"heading.default\">\n\t\t\t\t\t<h2 class=\"elementor-heading-title elementor-size-default\">Kay\u0131t Ol<\/h2>\t\t\t\t<\/div>\n\t\t\t\t<div class=\"elementor-element elementor-element-170e868 cmsmasters-breadcrumbs-alignment-center cmsmasters-separator-type-text cmsmasters-block-default cmsmasters-sticky-default elementor-widget elementor-widget-cmsmasters-breadcrumbs cmsmasters-widget-breadcrumbs\" data-id=\"170e868\" data-element_type=\"widget\" data-e-type=\"widget\" data-widget_type=\"cmsmasters-breadcrumbs.default\">\n\t\t\t\t\t<div class=\"cmsmasters-widget-breadcrumbs__container\"><div class=\"cmsmasters-widget-breadcrumbs__content\"><a href=\"https:\/\/herstella.nl\/en\/\" class=\"cmsmasters-home\">Anasayfa<\/a><span class=\"cmsmasters-widget-breadcrumbs__sep\"><span>\/<\/span><\/span><span>No breadcrumbs<\/span><\/div><\/div>\t\t\t\t<\/div>\n\t\t\t\t\t<\/div>\n\t\t\t\t<\/div>\n\t\t<div class=\"elementor-element elementor-element-6f13100 e-flex e-con-boxed cmsmasters-block-default e-con e-parent\" data-id=\"6f13100\" data-element_type=\"container\" data-e-type=\"container\">\n\t\t\t\t\t<div class=\"e-con-inner\">\n\t\t\t\t<div class=\"elementor-element elementor-element-16997a7 cmsmasters-block-default cmsmasters-sticky-default elementor-widget elementor-widget-shortcode\" data-id=\"16997a7\" data-element_type=\"widget\" data-e-type=\"widget\" data-widget_type=\"shortcode.default\">\n\t\t\t\t\t\t\t<div class=\"elementor-shortcode\"><div class=\"nsl-container nsl-container-block\" data-align=\"left\"><div class=\"nsl-container-buttons\"><a href=\"https:\/\/herstella.nl\/wp-login.php?loginSocial=google&#038;redirect=https%3A%2F%2Fherstella.nl%2Fen%2Fwp-json%2Fwp%2Fv2%2Fpages%2F59569\" rel=\"nofollow\" aria-label=\"Continue with &lt;b&gt;Google&lt;\/b&gt;\" data-plugin=\"nsl\" data-action=\"connect\" data-provider=\"google\" data-popupwidth=\"600\" data-popupheight=\"600\"><div class=\"nsl-button nsl-button-default nsl-button-google\" data-skin=\"neutral\" style=\"background-color:#f2f2f2;\"><div class=\"nsl-button-svg-container\"><svg xmlns=\"http:\/\/www.w3.org\/2000\/svg\" width=\"24\" height=\"24\" viewbox=\"0 0 24 24\"><path fill=\"#4285F4\" d=\"M20.64 12.2045c0-.6381-.0573-1.2518-.1636-1.8409H12v3.4814h4.8436c-.2086 1.125-.8427 2.0782-1.7959 2.7164v2.2581h2.9087c1.7018-1.5668 2.6836-3.874 2.6836-6.615z\"><\/path><path fill=\"#34A853\" d=\"M12 21c2.43 0 4.4673-.806 5.9564-2.1805l-2.9087-2.2581c-.8059.54-1.8368.859-3.0477.859-2.344 0-4.3282-1.5831-5.036-3.7104H3.9574v2.3318C5.4382 18.9832 8.4818 21 12 21z\"><\/path><path fill=\"#FBBC05\" d=\"M6.964 13.71c-.18-.54-.2822-1.1168-.2822-1.71s.1023-1.17.2823-1.71V7.9582H3.9573A8.9965 8.9965 0 0 0 3 12c0 1.4523.3477 2.8268.9573 4.0418L6.964 13.71z\"><\/path><path fill=\"#EA4335\" d=\"M12 6.5795c1.3214 0 2.5077.4541 3.4405 1.346l2.5813-2.5814C16.4632 3.8918 14.426 3 12 3 8.4818 3 5.4382 5.0168 3.9573 7.9582L6.964 10.29C7.6718 8.1627 9.6559 6.5795 12 6.5795z\"><\/path><\/svg><\/div><div class=\"nsl-button-label-container\">Continue with <b>Google<\/b><\/div><\/div><\/a><\/div><\/div><\/div>\n\t\t\t\t\t\t<\/div>\n\t\t\t\t<div class=\"elementor-element elementor-element-f1fda92 elementor-widget-divider--view-line_text elementor-widget-divider--element-align-center cmsmasters-block-default cmsmasters-sticky-default elementor-widget elementor-widget-divider\" data-id=\"f1fda92\" data-element_type=\"widget\" data-e-type=\"widget\" data-widget_type=\"divider.default\">\n\t\t\t\t\t\t\t<div class=\"elementor-divider\">\n\t\t\t<span class=\"elementor-divider-separator\">\n\t\t\t\t\t\t\t<span class=\"elementor-divider__text elementor-divider__element\">\n\t\t\t\tVEYA\t\t\t\t<\/span>\n\t\t\t\t\t\t<\/span>\n\t\t<\/div>\n\t\t\t\t\t\t<\/div>\n\t\t\t\t<div class=\"elementor-element elementor-element-da7e462 cmsmasters-register-form__button-align-start cmsmasters-block-default cmsmasters-sticky-default elementor-widget elementor-widget-cmsmasters-register-form\" data-id=\"da7e462\" data-element_type=\"widget\" data-e-type=\"widget\" data-widget_type=\"cmsmasters-register-form.default\">\n\t\t\t\t\t<form class=\"elementor-widget-cmsmasters-register-form__register\" method=\"post\" action=\"\" data-trp-original-action=\"\">\r\n\t\t\t<div class=\"elementor-widget-cmsmasters-register-form__wrapper\">\r\n\t\t\t\t<div class=\"elementor-widget-cmsmasters-register-form__field-type-text elementor-widget-cmsmasters-register-form__field-group\"><div class=\"elementor-widget-cmsmasters-register-form__field-type-text elementor-widget-cmsmasters-register-form__field-group\"><label for=\"first-name\" class=\"elementor-widget-cmsmasters-register-form__field-label\">First Name*<\/label><input size=\"1\" class=\"elementor-widget-cmsmasters-register-form__field elementor-widget-cmsmasters-register-form__field-textual\" id=\"first-name\" type=\"text\" name=\"first-name\" placeholder=\"First Name\" value=\"\" required>\r\n\t\t\t<\/div><div class=\"elementor-widget-cmsmasters-register-form__field-type-text elementor-widget-cmsmasters-register-form__field-group\"><label for=\"last-name\" class=\"elementor-widget-cmsmasters-register-form__field-label\">Last Name*<\/label><input size=\"1\" class=\"elementor-widget-cmsmasters-register-form__field elementor-widget-cmsmasters-register-form__field-textual\" id=\"last-name\" type=\"text\" name=\"last-name\" placeholder=\"Last Name\" value=\"\" required>\r\n\t\t\t<\/div><label for=\"username\" class=\"elementor-widget-cmsmasters-register-form__field-label\">Kullan\u0131c\u0131 Ad\u0131*<\/label><input size=\"1\" class=\"elementor-widget-cmsmasters-register-form__field elementor-widget-cmsmasters-register-form__field-textual\" id=\"username\" type=\"text\" name=\"username\" placeholder=\"Username\" value=\"\" required=\"required\">\r\n\t\t\t\t<\/div>\r\n\t\t\t\t<div class=\"elementor-widget-cmsmasters-register-form__field-type-text elementor-widget-cmsmasters-register-form__field-group\"><label for=\"email\" class=\"elementor-widget-cmsmasters-register-form__field-label\">Email*<\/label><input size=\"1\" class=\"elementor-widget-cmsmasters-register-form__field elementor-widget-cmsmasters-register-form__field-textual\" id=\"email\" type=\"text\" name=\"email\" placeholder=\"Password\" value=\"\" required=\"required\">\r\n\t\t\t\t<\/div><div class=\"elementor-widget-cmsmasters-register-form__align-wrapper\">\r\n\t\t\t\t\t<div class=\"elementor-widget-cmsmasters-register-form__field-group elementor-widget-cmsmasters-register-form__field-type-submit\">\r\n\t\t\t\t\t\t<button type=\"submit\" class=\"elementor-widget-cmsmasters-register-form__button\" name=\"submit\">\r\n\t\t\t\t\t\t\t<span class=\"elementor-widget-cmsmasters-register-form__button-text\">Register<\/span>\r\n\t\t\t\t\t\t<\/button>\r\n\t\t\t\t\t<\/div><\/div>\r\n\t\t\t<\/div><input type=\"hidden\" id=\"register-nonce\" name=\"register-nonce\" value=\"9aad483045\" \/><input type=\"hidden\" name=\"_wp_http_referer\" value=\"\/en\/wp-json\/wp\/v2\/pages\/59569\" \/><input type=\"hidden\" name=\"role\" value=\"subscriber\">\r\n\t\t\t<input type=\"hidden\" name=\"type-redirect\" value=\"email\">\r\n\t\t\t<input type=\"hidden\" name=\"user-short\" value=\"Kullan\u0131c\u0131 ad\u0131 \u00e7ok k\u0131sa. En az 4 karakter girin.\">\r\n\t\t\t<input type=\"hidden\" name=\"user-exists\" value=\"Kullan\u0131c\u0131 ad\u0131 ba\u015fka bir kullan\u0131c\u0131 taraf\u0131ndan kullan\u0131lmaktad\u0131r.\">\r\n\t\t\t<input type=\"hidden\" name=\"user-novalid\" value=\"Sorry, the username you entered is not valid. Please use only letters (a-z), numbers and periods.\">\r\n\t\t\t<input type=\"hidden\" name=\"email-novalid\" value=\"Invalid email address. Please enter a valid address. Example: someone@example.com\">\r\n\t\t\t<input type=\"hidden\" name=\"email-exists\" value=\"That email is already in use. Please try another one.\">\r\n\t\t<input type=\"hidden\" name=\"trp-form-language\" value=\"en\"\/><\/form>\t\t\t\t<\/div>\n\t\t\t\t\t<\/div>\n\t\t\t\t<\/div>\n\t\t\t\t<\/div>","protected":false},"excerpt":{"rendered":"<p>Kay\u0131t Ol Anasayfa\/No breadcrumbs VEYA<\/p>","protected":false},"author":1,"featured_media":0,"parent":0,"menu_order":0,"comment_status":"closed","ping_status":"closed","template":"","meta":{"_acf_changed":false,"footnotes":""},"class_list":["post-59569","page","type-page","status-publish","hentry"],"acf":[],"_links":{"self":[{"href":"https:\/\/herstella.nl\/en\/wp-json\/wp\/v2\/pages\/59569","targetHints":{"allow":["GET"]}}],"collection":[{"href":"https:\/\/herstella.nl\/en\/wp-json\/wp\/v2\/pages"}],"about":[{"href":"https:\/\/herstella.nl\/en\/wp-json\/wp\/v2\/types\/page"}],"author":[{"embeddable":true,"href":"https:\/\/herstella.nl\/en\/wp-json\/wp\/v2\/users\/1"}],"replies":[{"embeddable":true,"href":"https:\/\/herstella.nl\/en\/wp-json\/wp\/v2\/comments?post=59569"}],"version-history":[{"count":10,"href":"https:\/\/herstella.nl\/en\/wp-json\/wp\/v2\/pages\/59569\/revisions"}],"predecessor-version":[{"id":59605,"href":"https:\/\/herstella.nl\/en\/wp-json\/wp\/v2\/pages\/59569\/revisions\/59605"}],"wp:attachment":[{"href":"https:\/\/herstella.nl\/en\/wp-json\/wp\/v2\/media?parent=59569"}],"curies":[{"name":"wp","href":"https:\/\/api.w.org\/{rel}","templated":true}]}}